{"id":3297,"date":"2023-07-12T22:07:49","date_gmt":"2023-07-12T21:07:49","guid":{"rendered":"https:\/\/codelyoko.eu\/?page_id=3297"},"modified":"2023-07-12T22:08:35","modified_gmt":"2023-07-12T21:08:35","slug":"interview-with-sophie-decroisette-jerome-mouscadet-2013","status":"publish","type":"page","link":"https:\/\/codelyoko.eu\/index.php\/content\/interviews-conferences\/interview-with-sophie-decroisette-jerome-mouscadet-2013\/","title":{"rendered":"Interview with Sophie Decroisette &#038; J\u00e9r\u00f4me Mouscadet (2013)"},"content":{"rendered":"\n<p>Centrum Lyoko has found an interview with Sophie Decroisette, head writer of the first three seasons of Code Lyoko. The interview was conducted on June 26, 2013 and was published on the blog \u201cCes Dessins Anim\u00e9s-L\u00e0 qui m\u00e9ritent qu\u2019on s\u2019en souvienne\u201d. As a bonus, there was also an interview with J\u00e9r\u00f4me Mouscadet, director of Code Lyoko. A transcription of the interview in English can be found below.<\/p>\n\n\n\n<p>First part: <a href=\"http:\/\/cdal.over-blog.com\/article-interview-sophie-decroisette-partie-1-122826682.html\" target=\"_blank\" rel=\"noreferrer noopener\">http:\/\/cdal.over-blog.com\/article-interview-sophie-decroisette-partie-1-122826682.html<\/a><\/p>\n\n\n\n<p>Second part: <a href=\"http:\/\/cdal.over-blog.com\/article-interview-sophie-decroisette-partie-1-122826682.html\" target=\"_blank\" rel=\"noreferrer noopener\">http:\/\/cdal.over-blog.com\/article-interview-sophie-decroisette-partie-1-122826682.html<\/a><\/p>\n\n\n\n<p>Video recording in French below.<\/p>\n\n\n\n<figure class=\"wp-block-embed is-type-video is-provider-youtube wp-block-embed-youtube wp-embed-aspect-16-9 wp-has-aspect-ratio\"><div class=\"wp-block-embed__wrapper\">\n<iframe loading=\"lazy\" title=\"Sp\u00e9cial Code Lyoko - Interview de Sophie Decroisette, partie 1\" width=\"940\" height=\"529\" src=\"https:\/\/www.youtube.com\/embed\/-h3sXAuOQK0?feature=oembed\" frameborder=\"0\" allow=\"accelerometer; autoplay; clipboard-write; encrypted-media; gyroscope; picture-in-picture; web-share\" allowfullscreen><\/iframe>\n<\/div><\/figure>\n\n\n\n<figure class=\"wp-block-embed is-type-video is-provider-youtube wp-block-embed-youtube wp-embed-aspect-16-9 wp-has-aspect-ratio\"><div class=\"wp-block-embed__wrapper\">\n<iframe loading=\"lazy\" title=\"Sp\u00e9cial Code Lyoko - Interview de Sophie Decroisette, partie 2\" width=\"940\" height=\"529\" src=\"https:\/\/www.youtube.com\/embed\/lH7y2HMGygM?feature=oembed\" frameborder=\"0\" allow=\"accelerometer; autoplay; clipboard-write; encrypted-media; gyroscope; picture-in-picture; web-share\" allowfullscreen><\/iframe>\n<\/div><\/figure>\n","protected":false},"excerpt":{"rendered":"<p>Centrum Lyoko has found an interview with Sophie Decroisette, head writer of the first three seasons of Code Lyoko. The interview was conducted on June 26, 2013 and was published on the blog \u201cCes Dessins Anim\u00e9s-L\u00e0 qui m\u00e9ritent qu\u2019on s\u2019en souvienne\u201d. As a bonus, there was also an interview with J\u00e9r\u00f4me Mouscadet, director of Code &hellip;<br \/><a href=\"https:\/\/codelyoko.eu\/index.php\/content\/interviews-conferences\/interview-with-sophie-decroisette-jerome-mouscadet-2013\/\" class=\"more-link pen_button pen_element_default pen_icon_arrow_double\">Read more<\/a><\/p>\n","protected":false},"author":1,"featured_media":0,"parent":3288,"menu_order":0,"comment_status":"open","ping_status":"closed","template":"","meta":[],"categories":[],"tags":[],"_links":{"self":[{"href":"https:\/\/codelyoko.eu\/index.php\/wp-json\/wp\/v2\/pages\/3297"}],"collection":[{"href":"https:\/\/codelyoko.eu\/index.php\/wp-json\/wp\/v2\/pages"}],"about":[{"href":"https:\/\/codelyoko.eu\/index.php\/wp-json\/wp\/v2\/types\/page"}],"author":[{"embeddable":true,"href":"https:\/\/codelyoko.eu\/index.php\/wp-json\/wp\/v2\/users\/1"}],"replies":[{"embeddable":true,"href":"https:\/\/codelyoko.eu\/index.php\/wp-json\/wp\/v2\/comments?post=3297"}],"version-history":[{"count":1,"href":"https:\/\/codelyoko.eu\/index.php\/wp-json\/wp\/v2\/pages\/3297\/revisions"}],"predecessor-version":[{"id":3298,"href":"https:\/\/codelyoko.eu\/index.php\/wp-json\/wp\/v2\/pages\/3297\/revisions\/3298"}],"up":[{"embeddable":true,"href":"https:\/\/codelyoko.eu\/index.php\/wp-json\/wp\/v2\/pages\/3288"}],"wp:attachment":[{"href":"https:\/\/codelyoko.eu\/index.php\/wp-json\/wp\/v2\/media?parent=3297"}],"wp:term":[{"taxonomy":"category","embeddable":true,"href":"https:\/\/codelyoko.eu\/index.php\/wp-json\/wp\/v2\/categories?post=3297"},{"taxonomy":"post_tag","embeddable":true,"href":"https:\/\/codelyoko.eu\/index.php\/wp-json\/wp\/v2\/tags?post=3297"}],"curies":[{"name":"wp","href":"https:\/\/api.w.org\/{rel}","templated":true}]}}